{"id":17,"date":"2020-01-08T23:10:51","date_gmt":"2020-01-09T01:10:51","guid":{"rendered":"https:\/\/cadastrounico.setasquixeramobim.net.br\/?page_id=17"},"modified":"2022-05-10T16:06:19","modified_gmt":"2022-05-10T19:06:19","slug":"servicos","status":"publish","type":"page","link":"https:\/\/cadastrounico.setasquixeramobim.net.br\/index.php\/servicos\/","title":{"rendered":"Contato"},"content":{"rendered":"\n<section class=\"wp-block-uagb-section uagb-section__wrap uagb-section__background-image uagb-block-f38d93e9\"><div class=\"uagb-section__overlay\"><\/div><div class=\"uagb-section__inner-wrap\">\n<iframe loading=\"lazy\" src=\"https:\/\/docs.google.com\/forms\/d\/e\/1FAIpQLSdu9JCu1OsNfeRl0luMSU7RjlzOmLUFDlG9cigOP9-AcfKzzQ\/viewform?embedded=true\" width=\"640\" height=\"855\" frameborder=\"0\" marginheight=\"0\" marginwidth=\"0\">Carregando\u2026<\/iframe>\n<\/div><\/section>\n\n\n\n<p>&nbsp;<\/p>\n","protected":false},"excerpt":{"rendered":"<p>&nbsp;<\/p>\n","protected":false},"author":1,"featured_media":0,"parent":0,"menu_order":0,"comment_status":"closed","ping_status":"closed","template":"","meta":{"_uag_custom_page_level_css":"","site-sidebar-layout":"default","site-content-layout":"default","ast-site-content-layout":"default","site-content-style":"default","site-sidebar-style":"default","ast-global-header-display":"","ast-banner-title-visibility":"","ast-main-header-display":"","ast-hfb-above-header-display":"","ast-hfb-below-header-display":"","ast-hfb-mobile-header-display":"","site-post-title":"","ast-breadcrumbs-content":"","ast-featured-img":"","footer-sml-layout":"","ast-disable-related-posts":"","theme-transparent-header-meta":"default","adv-header-id-meta":"","stick-header-meta":"","header-above-stick-meta":"","header-main-stick-meta":"","header-below-stick-meta":"","astra-migrate-meta-layouts":"default","ast-page-background-enabled":"default","ast-page-background-meta":{"desktop":{"background-color":"","background-image":"","background-repeat":"repeat","background-position":"center center","background-size":"auto","background-attachment":"scroll","background-type":"","background-media":"","overlay-type":"","overlay-color":"","overlay-opacity":"","overlay-gradient":""},"tablet":{"background-color":"","background-image":"","background-repeat":"repeat","background-position":"center center","background-size":"auto","background-attachment":"scroll","background-type":"","background-media":"","overlay-type":"","overlay-color":"","overlay-opacity":"","overlay-gradient":""},"mobile":{"background-color":"","background-image":"","background-repeat":"repeat","background-position":"center center","background-size":"auto","background-attachment":"scroll","background-type":"","background-media":"","overlay-type":"","overlay-color":"","overlay-opacity":"","overlay-gradient":""}},"ast-content-background-meta":{"desktop":{"background-color":"var(--ast-global-color-5)","background-image":"","background-repeat":"repeat","background-position":"center center","background-size":"auto","background-attachment":"scroll","background-type":"","background-media":"","overlay-type":"","overlay-color":"","overlay-opacity":"","overlay-gradient":""},"tablet":{"background-color":"var(--ast-global-color-5)","background-image":"","background-repeat":"repeat","background-position":"center center","background-size":"auto","background-attachment":"scroll","background-type":"","background-media":"","overlay-type":"","overlay-color":"","overlay-opacity":"","overlay-gradient":""},"mobile":{"background-color":"var(--ast-global-color-5)","background-image":"","background-repeat":"repeat","background-position":"center center","background-size":"auto","background-attachment":"scroll","background-type":"","background-media":"","overlay-type":"","overlay-color":"","overlay-opacity":"","overlay-gradient":""}},"episode_type":"","audio_file":"","podmotor_file_id":"","podmotor_episode_id":"","cover_image":"","cover_image_id":"","duration":"","filesize":"","filesize_raw":"","date_recorded":"","explicit":"","block":"","itunes_episode_number":"","itunes_title":"","itunes_season_number":"","itunes_episode_type":"","footnotes":""},"class_list":["post-17","page","type-page","status-publish","hentry"],"uagb_featured_image_src":{"full":false,"thumbnail":false,"medium":false,"medium_large":false,"large":false,"1536x1536":false,"2048x2048":false},"uagb_author_info":{"display_name":"sergiovasconcelos","author_link":"https:\/\/cadastrounico.setasquixeramobim.net.br\/index.php\/author\/sergiovasconcelos\/"},"uagb_comment_info":0,"uagb_excerpt":"&nbsp;","jetpack_sharing_enabled":true,"jetpack_likes_enabled":true,"jetpack-related-posts":[{"id":39,"url":"https:\/\/cadastrounico.setasquixeramobim.net.br\/","url_meta":{"origin":17,"position":0},"title":"Home","author":"sergiovasconcelos","date":"9 de janeiro de 2020","format":false,"excerpt":"POSTAGENS RECENTES IMAGENS DESTAQUES ENDERE\u00c7ORua Antonio Pinheiro, 39 Centro.Rua do lado da Pousada Libanesa CONTATOSTel.: Indispon\u00edvel","rel":"","context":"Post similar","block_context":{"text":"Post similar","link":""},"img":{"alt_text":"","src":"https:\/\/i0.wp.com\/cadastrounico.setasquixeramobim.net.br\/wp-content\/uploads\/2023\/05\/Logo-png-cadunico.png?resize=350%2C200&ssl=1","width":350,"height":200},"classes":[]},{"id":473,"url":"https:\/\/cadastrounico.setasquixeramobim.net.br\/index.php\/politica-de-privacidade-2\/","url_meta":{"origin":17,"position":1},"title":"Pol\u00edtica de Privacidade","author":"sergiovasconcelos","date":"11 de maio de 2022","format":false,"excerpt":"A sua privacidade \u00e9 importante para n\u00f3s. \u00c9 pol\u00edtica do site Cadastro \u00danico de Quixeramobim respeitar a sua privacidade em rela\u00e7\u00e3o a qualquer informa\u00e7\u00e3o sua que possamos coletar no site Cadastro \u00danico de Quixeramobim, e outros sites que possu\u00edmos e operamos. Trabalhamos com base na Lei de Prote\u00e7\u00e3o de Dados\u2026","rel":"","context":"Post similar","block_context":{"text":"Post similar","link":""},"img":{"alt_text":"","src":"","width":0,"height":0},"classes":[]}],"_links":{"self":[{"href":"https:\/\/cadastrounico.setasquixeramobim.net.br\/index.php\/wp-json\/wp\/v2\/pages\/17","targetHints":{"allow":["GET"]}}],"collection":[{"href":"https:\/\/cadastrounico.setasquixeramobim.net.br\/index.php\/wp-json\/wp\/v2\/pages"}],"about":[{"href":"https:\/\/cadastrounico.setasquixeramobim.net.br\/index.php\/wp-json\/wp\/v2\/types\/page"}],"author":[{"embeddable":true,"href":"https:\/\/cadastrounico.setasquixeramobim.net.br\/index.php\/wp-json\/wp\/v2\/users\/1"}],"replies":[{"embeddable":true,"href":"https:\/\/cadastrounico.setasquixeramobim.net.br\/index.php\/wp-json\/wp\/v2\/comments?post=17"}],"version-history":[{"count":17,"href":"https:\/\/cadastrounico.setasquixeramobim.net.br\/index.php\/wp-json\/wp\/v2\/pages\/17\/revisions"}],"predecessor-version":[{"id":466,"href":"https:\/\/cadastrounico.setasquixeramobim.net.br\/index.php\/wp-json\/wp\/v2\/pages\/17\/revisions\/466"}],"wp:attachment":[{"href":"https:\/\/cadastrounico.setasquixeramobim.net.br\/index.php\/wp-json\/wp\/v2\/media?parent=17"}],"curies":[{"name":"wp","href":"https:\/\/api.w.org\/{rel}","templated":true}]}}