{"id":520,"date":"2022-07-29T13:27:18","date_gmt":"2022-07-29T16:27:18","guid":{"rendered":"https:\/\/cadastrounico.setasquixeramobim.net.br\/?page_id=520"},"modified":"2026-01-01T12:09:13","modified_gmt":"2026-01-01T15:09:13","slug":"downloads","status":"publish","type":"page","link":"https:\/\/cadastrounico.setasquixeramobim.net.br\/index.php\/downloads\/","title":{"rendered":"DOWNLOADS"},"content":{"rendered":"\n<p class=\"has-large-font-size\"><strong>ARQUIVOS<\/strong><\/p>\n\n\n\n<div class=\"wp-block-file\" style=\"margin-top:0;margin-bottom:0;padding-top:0;padding-bottom:0\"><a id=\"wp-block-file--media-cc212abc-ae5a-407a-9f7a-659c541fe0d6\" href=\"https:\/\/cadastrounico.setasquixeramobim.net.br\/wp-content\/uploads\/2024\/08\/V-CAFE-COM-PARCEIROS-2024.pdf\" target=\"_blank\" rel=\"noreferrer noopener\">V CAF\u00c9 COM PARCEIROS  &#8211; 2024<\/a><a href=\"https:\/\/cadastrounico.setasquixeramobim.net.br\/wp-content\/uploads\/2024\/08\/V-CAFE-COM-PARCEIROS-2024.pdf\" class=\"wp-block-file__button wp-element-button\" download aria-describedby=\"wp-block-file--media-cc212abc-ae5a-407a-9f7a-659c541fe0d6\">Baixar<\/a><\/div>\n\n\n\n<div class=\"wp-block-file\"><a id=\"wp-block-file--media-c658e285-8b7d-42e0-8934-ec821647a5fb\" href=\"https:\/\/cadastrounico.setasquixeramobim.net.br\/wp-content\/uploads\/2024\/03\/CADUNICO_BOLSA-FAMILIA-APRESENTCAO-CMAS-2024.pdf\">CADUNICO_BOLSA-FAMILIA-APRESENTCAO-CMAS-2024<\/a><a href=\"https:\/\/cadastrounico.setasquixeramobim.net.br\/wp-content\/uploads\/2024\/03\/CADUNICO_BOLSA-FAMILIA-APRESENTCAO-CMAS-2024.pdf\" class=\"wp-block-file__button wp-element-button\" download aria-describedby=\"wp-block-file--media-c658e285-8b7d-42e0-8934-ec821647a5fb\">Baixar<\/a><\/div>\n\n\n\n<div class=\"wp-block-file\"><a id=\"wp-block-file--media-7a5b4075-94e0-435e-a727-c4ef178894ce\" href=\"https:\/\/cadastrounico.setasquixeramobim.net.br\/wp-content\/uploads\/2023\/04\/IV-Cafe-com-parceiros.pdf\" target=\"_blank\" rel=\"noreferrer noopener\">IV Caf\u00e9 com parceiros<\/a><a href=\"https:\/\/cadastrounico.setasquixeramobim.net.br\/wp-content\/uploads\/2023\/04\/IV-Cafe-com-parceiros.pdf\" class=\"wp-block-file__button wp-element-button\" download aria-describedby=\"wp-block-file--media-7a5b4075-94e0-435e-a727-c4ef178894ce\">Baixar<\/a><\/div>\n\n\n\n<div class=\"wp-block-file\"><a id=\"wp-block-file--media-c1610471-551d-4b47-8fef-32fde3dfb4fd\" href=\"https:\/\/cadastrounico.setasquixeramobim.net.br\/wp-content\/uploads\/2023\/04\/MOTIVOS-BAIXA-FREQUENCIA.pdf\" target=\"_blank\" rel=\"noreferrer noopener\">MOTIVOS BAIXA FREQUENCIA<\/a><a href=\"https:\/\/cadastrounico.setasquixeramobim.net.br\/wp-content\/uploads\/2023\/04\/MOTIVOS-BAIXA-FREQUENCIA.pdf\" class=\"wp-block-file__button wp-element-button\" download aria-describedby=\"wp-block-file--media-c1610471-551d-4b47-8fef-32fde3dfb4fd\">Baixar<\/a><\/div>\n\n\n\n<div class=\"wp-block-file\"><a id=\"wp-block-file--media-09a53aef-667b-4ef3-ad3b-003e1882917c\" href=\"https:\/\/cadastrounico.setasquixeramobim.net.br\/wp-content\/uploads\/2022\/07\/III-Cafe-com-parceiros.pdf\" target=\"_blank\" rel=\"noreferrer noopener\">III-Caf\u00e9-com-parceiros<\/a><a href=\"https:\/\/cadastrounico.setasquixeramobim.net.br\/wp-content\/uploads\/2022\/07\/III-Cafe-com-parceiros.pdf\" class=\"wp-block-file__button wp-element-button\" download aria-describedby=\"wp-block-file--media-09a53aef-667b-4ef3-ad3b-003e1882917c\">Baixar<\/a><\/div>\n\n\n\n<p class=\"has-large-font-size\" style=\"border-style:none;border-width:0px;border-radius:0px\"><strong>APLICATIVOS E PROGRAMAS<\/strong><\/p>\n\n\n\n<p><a href=\"https:\/\/setasquixeramobim.net.br\/arquivos\/Interliga_v1.0.rar\">Interliga v1.0<\/a><\/p>\n\n\n\n<p><a href=\"https:\/\/drive.google.com\/file\/d\/1oe1SDXErSqY5L7y3yWkVYJznDucKai4k\/view?usp=sharing\">Agenda Digital<\/a><\/p>\n","protected":false},"excerpt":{"rendered":"<p>ARQUIVOS APLICATIVOS E PROGRAMAS Interliga v1.0 Agenda Digital<\/p>\n","protected":false},"author":1,"featured_media":0,"parent":0,"menu_order":0,"comment_status":"closed","ping_status":"closed","template":"","meta":{"_uag_custom_page_level_css":"","site-sidebar-layout":"default","site-content-layout":"","ast-site-content-layout":"default","site-content-style":"default","site-sidebar-style":"default","ast-global-header-display":"","ast-banner-title-visibility":"","ast-main-header-display":"","ast-hfb-above-header-display":"","ast-hfb-below-header-display":"","ast-hfb-mobile-header-display":"","site-post-title":"","ast-breadcrumbs-content":"","ast-featured-img":"","footer-sml-layout":"","ast-disable-related-posts":"","theme-transparent-header-meta":"","adv-header-id-meta":"","stick-header-meta":"","header-above-stick-meta":"","header-main-stick-meta":"","header-below-stick-meta":"","astra-migrate-meta-layouts":"set","ast-page-background-enabled":"default","ast-page-background-meta":{"desktop":{"background-color":"","background-image":"","background-repeat":"repeat","background-position":"center center","background-size":"auto","background-attachment":"scroll","background-type":"","background-media":"","overlay-type":"","overlay-color":"","overlay-opacity":"","overlay-gradient":""},"tablet":{"background-color":"","background-image":"","background-repeat":"repeat","background-position":"center center","background-size":"auto","background-attachment":"scroll","background-type":"","background-media":"","overlay-type":"","overlay-color":"","overlay-opacity":"","overlay-gradient":""},"mobile":{"background-color":"","background-image":"","background-repeat":"repeat","background-position":"center center","background-size":"auto","background-attachment":"scroll","background-type":"","background-media":"","overlay-type":"","overlay-color":"","overlay-opacity":"","overlay-gradient":""}},"ast-content-background-meta":{"desktop":{"background-color":"var(--ast-global-color-5)","background-image":"","background-repeat":"repeat","background-position":"center center","background-size":"auto","background-attachment":"scroll","background-type":"","background-media":"","overlay-type":"","overlay-color":"","overlay-opacity":"","overlay-gradient":""},"tablet":{"background-color":"var(--ast-global-color-5)","background-image":"","background-repeat":"repeat","background-position":"center center","background-size":"auto","background-attachment":"scroll","background-type":"","background-media":"","overlay-type":"","overlay-color":"","overlay-opacity":"","overlay-gradient":""},"mobile":{"background-color":"var(--ast-global-color-5)","background-image":"","background-repeat":"repeat","background-position":"center center","background-size":"auto","background-attachment":"scroll","background-type":"","background-media":"","overlay-type":"","overlay-color":"","overlay-opacity":"","overlay-gradient":""}},"episode_type":"","audio_file":"","podmotor_file_id":"","podmotor_episode_id":"","cover_image":"","cover_image_id":"","duration":"","filesize":"","filesize_raw":"","date_recorded":"","explicit":"","block":"","itunes_episode_number":"","itunes_title":"","itunes_season_number":"","itunes_episode_type":"","footnotes":""},"class_list":["post-520","page","type-page","status-publish","hentry"],"uagb_featured_image_src":{"full":false,"thumbnail":false,"medium":false,"medium_large":false,"large":false,"1536x1536":false,"2048x2048":false},"uagb_author_info":{"display_name":"sergiovasconcelos","author_link":"https:\/\/cadastrounico.setasquixeramobim.net.br\/index.php\/author\/sergiovasconcelos\/"},"uagb_comment_info":0,"uagb_excerpt":"ARQUIVOS APLICATIVOS E PROGRAMAS Interliga v1.0 Agenda Digital","jetpack_sharing_enabled":true,"jetpack_likes_enabled":true,"jetpack-related-posts":[{"id":23,"url":"https:\/\/cadastrounico.setasquixeramobim.net.br\/index.php\/galeria\/","url_meta":{"origin":520,"position":0},"title":"Galeria","author":"sergiovasconcelos","date":"8 de janeiro de 2020","format":false,"excerpt":"CRAS NA COMUNIDADE NA VILA DE ENCANTADO PALESTRA NO INSTITUTO LUZ E VIDA HOJE \u00c9 DIA DE CADASTRO! NO CRAS 3 REUNI\u00c3O NA ESCOLA DE URUQU\u00ca REUNI\u00c3O NA ESCOLA DAMI\u00c3O CARNEIRO EM CANAF\u00cdSTULA IV Caf\u00e9 com Parceiros Dia D na Lagoa Cercada, Manituba Reuni\u00e3o na Escola Manoel Martins de Almeida\u2026","rel":"","context":"Post similar","block_context":{"text":"Post similar","link":""},"img":{"alt_text":"","src":"https:\/\/i0.wp.com\/cadastrounico.setasquixeramobim.net.br\/wp-content\/uploads\/2026\/02\/WhatsApp-Image-2026-02-28-at-09.02.41.jpeg?resize=350%2C200","width":350,"height":200,"srcset":"https:\/\/i0.wp.com\/cadastrounico.setasquixeramobim.net.br\/wp-content\/uploads\/2026\/02\/WhatsApp-Image-2026-02-28-at-09.02.41.jpeg?resize=350%2C200 1x, https:\/\/i0.wp.com\/cadastrounico.setasquixeramobim.net.br\/wp-content\/uploads\/2026\/02\/WhatsApp-Image-2026-02-28-at-09.02.41.jpeg?resize=525%2C300 1.5x, https:\/\/i0.wp.com\/cadastrounico.setasquixeramobim.net.br\/wp-content\/uploads\/2026\/02\/WhatsApp-Image-2026-02-28-at-09.02.41.jpeg?resize=700%2C400 2x, https:\/\/i0.wp.com\/cadastrounico.setasquixeramobim.net.br\/wp-content\/uploads\/2026\/02\/WhatsApp-Image-2026-02-28-at-09.02.41.jpeg?resize=1050%2C600 3x"},"classes":[]},{"id":473,"url":"https:\/\/cadastrounico.setasquixeramobim.net.br\/index.php\/politica-de-privacidade-2\/","url_meta":{"origin":520,"position":1},"title":"Pol\u00edtica de Privacidade","author":"sergiovasconcelos","date":"11 de maio de 2022","format":false,"excerpt":"A sua privacidade \u00e9 importante para n\u00f3s. \u00c9 pol\u00edtica do site Cadastro \u00danico de Quixeramobim respeitar a sua privacidade em rela\u00e7\u00e3o a qualquer informa\u00e7\u00e3o sua que possamos coletar no site Cadastro \u00danico de Quixeramobim, e outros sites que possu\u00edmos e operamos. Trabalhamos com base na Lei de Prote\u00e7\u00e3o de Dados\u2026","rel":"","context":"Post similar","block_context":{"text":"Post similar","link":""},"img":{"alt_text":"","src":"","width":0,"height":0},"classes":[]}],"_links":{"self":[{"href":"https:\/\/cadastrounico.setasquixeramobim.net.br\/index.php\/wp-json\/wp\/v2\/pages\/520","targetHints":{"allow":["GET"]}}],"collection":[{"href":"https:\/\/cadastrounico.setasquixeramobim.net.br\/index.php\/wp-json\/wp\/v2\/pages"}],"about":[{"href":"https:\/\/cadastrounico.setasquixeramobim.net.br\/index.php\/wp-json\/wp\/v2\/types\/page"}],"author":[{"embeddable":true,"href":"https:\/\/cadastrounico.setasquixeramobim.net.br\/index.php\/wp-json\/wp\/v2\/users\/1"}],"replies":[{"embeddable":true,"href":"https:\/\/cadastrounico.setasquixeramobim.net.br\/index.php\/wp-json\/wp\/v2\/comments?post=520"}],"version-history":[{"count":14,"href":"https:\/\/cadastrounico.setasquixeramobim.net.br\/index.php\/wp-json\/wp\/v2\/pages\/520\/revisions"}],"predecessor-version":[{"id":1874,"href":"https:\/\/cadastrounico.setasquixeramobim.net.br\/index.php\/wp-json\/wp\/v2\/pages\/520\/revisions\/1874"}],"wp:attachment":[{"href":"https:\/\/cadastrounico.setasquixeramobim.net.br\/index.php\/wp-json\/wp\/v2\/media?parent=520"}],"curies":[{"name":"wp","href":"https:\/\/api.w.org\/{rel}","templated":true}]}}