{"id":708,"date":"2022-09-23T14:03:47","date_gmt":"2022-09-23T17:03:47","guid":{"rendered":"https:\/\/cadastrounico.setasquixeramobim.net.br\/?page_id=708"},"modified":"2022-09-23T14:18:37","modified_gmt":"2022-09-23T17:18:37","slug":"podcad-o-podcast-do-cadunico-de-quixeramobim","status":"publish","type":"page","link":"https:\/\/cadastrounico.setasquixeramobim.net.br\/index.php\/podcad-o-podcast-do-cadunico-de-quixeramobim\/","title":{"rendered":"PODCAD &#8211; O PODCAST DO CADASTRO \u00daNICO DE QUIXERAMOBIM"},"content":{"rendered":"\n\t\t<style>\n\t\t.ssp-el-1 {\n\t\t\t--ssp-episode-list-title-size: 16px;\n\t\t\t--ssp-episode-list-cols: 1;\n\t\t\t\t\t\t\t\t\t\t\t\t\t\t\t\t\t\t\t\t\t\t\t\t\t\t}\n\t<\/style>\n\t<div class=\"ssp-podcast-list ssp-el-1\">\n\t\t<div class=\"ssp-podcast-list__articles\">\n\t\t\t\t\t<article class=\"podcast-970 podcast type-podcast\">\n\t\t\t\t\t\t\t\t<h3 class=\"ssp-episode-title\">\n\t\t\t\t\t<a class=\"entry-title-link\" rel=\"bookmark\" href=\"https:\/\/cadastrounico.setasquixeramobim.net.br\/index.php\/podcast\/episodio-1-novo-bolsa-familia-o-que-muda-com-a-volta-do-programa\/\">\n\t\t\t\t\t\tEpis\u00f3dio 1 &#8211; Novo Bolsa Fam\u00edlia, o que muda com a volta do programa?\t\t\t\t\t<\/a>\n\t\t\t\t<\/h3>\n\t\t\t\t\t\t\t\t<div class=\"podcast-content\">\n\t\t\t\t\t\t\t\t\t\t\t<a class=\"podcast-image-link\" href=\"https:\/\/cadastrounico.setasquixeramobim.net.br\/index.php\/podcast\/episodio-1-novo-bolsa-familia-o-que-muda-com-a-volta-do-programa\/\"\n\t\t\t\t\t\t   aria-hidden=\"true\" tabindex=\"-1\">\n\t\t\t\t\t\t\t<img loading=\"lazy\" decoding=\"async\" width=\"301\" height=\"301\" src=\"https:\/\/i0.wp.com\/cadastrounico.setasquixeramobim.net.br\/wp-content\/uploads\/2023\/03\/PBF-300X300-e1678331290718.png?fit=301%2C301&amp;ssl=1\" class=\"attachment-full size-full\" alt=\"\" srcset=\"https:\/\/i0.wp.com\/cadastrounico.setasquixeramobim.net.br\/wp-content\/uploads\/2023\/03\/PBF-300X300-e1678331290718.png?w=301&amp;ssl=1 301w, https:\/\/i0.wp.com\/cadastrounico.setasquixeramobim.net.br\/wp-content\/uploads\/2023\/03\/PBF-300X300-e1678331290718.png?resize=150%2C150&amp;ssl=1 150w\" sizes=\"auto, (max-width: 301px) 100vw, 301px\" \/>\t\t\t\t\t\t<\/a>\n\t\t\t\t\t\t\t\t\t\t\t\t\t\t\t\t\t\t\t\t\t<p><div id=\"2825247502\" class=\"castos-player dark-mode \" tabindex=\"0\" data-episode=\"970\" data-player_id=\"2825247502\">\n\t<div class=\"player\">\n\t\t<div class=\"player__main\">\n\t\t\t<div class=\"player__artwork player__artwork-970\">\n\t\t\t\t<img decoding=\"async\" src=\"https:\/\/i0.wp.com\/cadastrounico.setasquixeramobim.net.br\/wp-content\/uploads\/2023\/03\/PBF-300X300-e1678331290718.png?resize=150%2C150&amp;ssl=1\"\n\t\t\t\t\t alt=\"PODCAD\"\n\t\t\t\t\t title=\"PODCAD\">\n\t\t\t<\/div>\n\t\t\t<div class=\"player__body\">\n\t\t\t\t<div class=\"currently-playing\">\n\t\t\t\t\t<div class=\"show player__podcast-title\">\n\t\t\t\t\t\tPODCAD\t\t\t\t\t<\/div>\n\t\t\t\t\t<div class=\"episode-title player__episode-title\">Epis\u00f3dio 1 &#8211; Novo Bolsa Fam\u00edlia, o que muda com a volta do programa?<\/div>\n\t\t\t\t<\/div>\n\t\t\t\t<div class=\"play-progress\">\n\t\t\t\t\t<div class=\"play-pause-controls\">\n\t\t\t\t\t\t<button title=\"Reproduzir\" aria-label=\"Reproduzir epis\u00f3dio\" aria-pressed=\"false\" class=\"play-btn\">\n\t\t\t\t\t\t\t<span class=\"screen-reader-text\">Reproduzir epis\u00f3dio<\/span>\n\t\t\t\t\t\t<\/button>\n\t\t\t\t\t\t<button title=\"Pausar\" aria-label=\"Pausar epis\u00f3dio\" aria-pressed=\"false\" class=\"pause-btn hide\">\n\t\t\t\t\t\t\t<span class=\"screen-reader-text\">Pausar epis\u00f3dio<\/span>\n\t\t\t\t\t\t<\/button>\n\t\t\t\t\t\t<img decoding=\"async\" src=\"https:\/\/cadastrounico.setasquixeramobim.net.br\/wp-content\/plugins\/seriously-simple-podcasting\/assets\/css\/images\/player\/images\/icon-loader.svg\" alt=\"Loading\" class=\"ssp-loader hide\"\/>\n\t\t\t\t\t<\/div>\n\t\t\t\t\t<div>\n\t\t\t\t\t\t<audio preload=\"none\" class=\"clip clip-970\">\n\t\t\t\t\t\t\t<source src=\"https:\/\/cadastrounico.setasquixeramobim.net.br\/wp-content\/uploads\/2023\/03\/Episodio-1-Edicao-final.mp3\">\n\t\t\t\t\t\t<\/audio>\n\t\t\t\t\t\t<div class=\"ssp-progress\" role=\"progressbar\" title=\"Procurar\" aria-valuenow=\"0\" aria-valuemin=\"0\" aria-valuemax=\"1812\">\n\t\t\t\t\t\t\t<span class=\"progress__filled\"><\/span>\n\t\t\t\t\t\t<\/div>\n\t\t\t\t\t\t<div class=\"ssp-playback playback\">\n\t\t\t\t\t\t\t<div class=\"playback__controls\">\n\t\t\t\t\t\t\t\t<button class=\"player-btn player-btn__volume\" title=\"Ativar\/desativar o som\">\n\t\t\t\t\t\t\t\t\t<span class=\"screen-reader-text\">Ativar\/desativar o som do epis\u00f3dio<\/span>\n\t\t\t\t\t\t\t\t<\/button>\n\t\t\t\t\t\t\t\t<button data-skip=\"-10\" class=\"player-btn player-btn__rwd\" title=\"Retroceder 10 segundos\">\n\t\t\t\t\t\t\t\t\t<span class=\"screen-reader-text\">Retroceder 10 segundos<\/span>\n\t\t\t\t\t\t\t\t<\/button>\n\t\t\t\t\t\t\t\t<button data-speed=\"1\" class=\"player-btn player-btn__speed\" title=\"Velocidade de reprodu\u00e7\u00e3o\" aria-label=\"Velocidade de reprodu\u00e7\u00e3o\">1x<\/button>\n\t\t\t\t\t\t\t\t<button data-skip=\"30\" class=\"player-btn player-btn__fwd\" title=\"Fast Forward 30 seconds\">\n\t\t\t\t\t\t\t\t\t<span class=\"screen-reader-text\">Fast Forward 30 seconds<\/span>\n\t\t\t\t\t\t\t\t<\/button>\n\t\t\t\t\t\t\t<\/div>\n\t\t\t\t\t\t\t<div class=\"playback__timers\">\n\t\t\t\t\t\t\t\t<time class=\"ssp-timer\">00:00<\/time>\n\t\t\t\t\t\t\t\t<span>\/<\/span>\n\t\t\t\t\t\t\t\t<!-- We need actual duration here from the server -->\n\t\t\t\t\t\t\t\t<time class=\"ssp-duration\" datetime=\"PT0H30M12S\">30:12<\/time>\n\t\t\t\t\t\t\t<\/div>\n\t\t\t\t\t\t<\/div>\n\t\t\t\t\t<\/div>\n\t\t\t\t<\/div>\n\t\t\t\t\t\t\t\t\t<nav class=\"player-panels-nav\">\n\t\t\t\t\t\t\t\t\t\t\t\t\t<button class=\"subscribe-btn\" id=\"subscribe-btn-970\" title=\"Se inscrever\">Se inscrever<\/button>\n\t\t\t\t\t\t\t\t\t\t\t\t\t\t\t\t\t\t\t<button class=\"share-btn\" id=\"share-btn-970\" title=\"Compartilhar\">Compartilhar<\/button>\n\t\t\t\t\t\t\t\t\t\t\t<\/nav>\n\t\t\t\t\t\t\t<\/div>\n\t\t<\/div>\n\t<\/div>\n\t\t\t<div class=\"player-panels player-panels-970\">\n\t\t\t\t\t\t\t<div class=\"subscribe player-panel subscribe-970\">\n\t\t\t\t\t<div class=\"close-btn close-btn-970\">\n\t\t\t\t\t\t<span><\/span>\n\t\t\t\t\t\t<span><\/span>\n\t\t\t\t\t<\/div>\n\t\t\t\t\t<div class=\"panel__inner\">\n\t\t\t\t\t\t<div class=\"subscribe-icons\">\n\t\t\t\t\t\t\t\t\t\t\t\t\t\t\t\t\t\t\t\t\t\t\t\t\t\t\t\t\t\t\t\t\t\t\t\t\t\t\t\t\t\t\t\t\t\t\t\t\t\t\t\t\t\t\t\t\t\t\t\t\t\t\t\t\t\t\t\t\t\t\t\t\t<\/div>\n\t\t\t\t\t\t<div class=\"player-panel-row\" aria-label=\"RSS Feed URL\">\n\t\t\t\t\t\t\t<div class=\"title\">Feed RSS<\/div>\n\t\t\t\t\t\t\t<div>\n\t\t\t\t\t\t\t\t<input value=\"https:\/\/cadastrounico.setasquixeramobim.net.br\/feed\/podcast\/podcad\" class=\"input-rss input-rss-970\" title=\"RSS Feed URL\" readonly \/>\n\t\t\t\t\t\t\t<\/div>\n\t\t\t\t\t\t\t<button class=\"copy-rss copy-rss-970\" title=\"Copy RSS Feed URL\" aria-label=\"Copy RSS Feed URL\"><\/button>\n\t\t\t\t\t\t<\/div>\n\t\t\t\t\t<\/div>\n\t\t\t\t<\/div>\n\t\t\t\t\t\t\t\t\t\t<div class=\"share share-970 player-panel\">\n\t\t\t\t\t<div class=\"close-btn close-btn-970\">\n\t\t\t\t\t\t<span><\/span>\n\t\t\t\t\t\t<span><\/span>\n\t\t\t\t\t<\/div>\n\t\t\t\t\t<div class=\"player-panel-row\">\n\t\t\t\t\t\t<div class=\"title\">\n\t\t\t\t\t\t\tCompartilhar\t\t\t\t\t\t<\/div>\n\t\t\t\t\t\t<div class=\"icons-holder\">\n\t\t\t\t\t\t\t<a href=\"https:\/\/www.facebook.com\/sharer\/sharer.php?u=https:\/\/cadastrounico.setasquixeramobim.net.br\/index.php\/podcast\/episodio-1-novo-bolsa-familia-o-que-muda-com-a-volta-do-programa\/&#038;t=Epis\u00f3dio 1 - Novo Bolsa Fam\u00edlia, o que muda com a volta do programa?\"\n\t\t\t\t\t\t\t   target=\"_blank\" rel=\"noopener noreferrer\" class=\"share-icon facebook\" title=\"Compartilhar no Facebook\">\n\t\t\t\t\t\t\t\t<span><\/span>\n\t\t\t\t\t\t\t<\/a>\n\t\t\t\t\t\t\t<a href=\"https:\/\/twitter.com\/intent\/tweet?text=https:\/\/cadastrounico.setasquixeramobim.net.br\/index.php\/podcast\/episodio-1-novo-bolsa-familia-o-que-muda-com-a-volta-do-programa\/&#038;url=Epis\u00f3dio 1 - Novo Bolsa Fam\u00edlia, o que muda com a volta do programa?\"\n\t\t\t\t\t\t\t   target=\"_blank\" rel=\"noopener noreferrer\" class=\"share-icon twitter\" title=\"Compartilhar no Twitter\">\n\t\t\t\t\t\t\t\t<span><\/span>\n\t\t\t\t\t\t\t<\/a>\n\t\t\t\t\t\t\t<a href=\"https:\/\/cadastrounico.setasquixeramobim.net.br\/wp-content\/uploads\/2023\/03\/Episodio-1-Edicao-final.mp3\"\n\t\t\t\t\t\t\t   target=\"_blank\" rel=\"noopener noreferrer\" class=\"share-icon download\" title=\"Baixar\" download>\n\t\t\t\t\t\t\t\t<span><\/span>\n\t\t\t\t\t\t\t<\/a>\n\t\t\t\t\t\t<\/div>\n\t\t\t\t\t<\/div>\n\t\t\t\t\t<div class=\"player-panel-row\">\n\t\t\t\t\t\t<div class=\"title\">\n\t\t\t\t\t\t\tLink\t\t\t\t\t\t<\/div>\n\t\t\t\t\t\t<div>\n\t\t\t\t\t\t\t<input value=\"https:\/\/cadastrounico.setasquixeramobim.net.br\/index.php\/podcast\/episodio-1-novo-bolsa-familia-o-que-muda-com-a-volta-do-programa\/\" class=\"input-link input-link-970\" title=\"URL do epis\u00f3dio\" readonly \/>\n\t\t\t\t\t\t<\/div>\n\t\t\t\t\t\t<button class=\"copy-link copy-link-970\" title=\"Copiar URL do epis\u00f3dio\" aria-label=\"Copiar URL do epis\u00f3dio\" readonly=\"\"><\/button>\n\t\t\t\t\t<\/div>\n\t\t\t\t\t<div class=\"player-panel-row\">\n\t\t\t\t\t\t<div class=\"title\">\n\t\t\t\t\t\t\tIncorporar\t\t\t\t\t\t<\/div>\n\t\t\t\t\t\t<div style=\"height: 10px;\">\n\t\t\t\t\t\t\t<input type=\"text\" value='&lt;blockquote class=&quot;wp-embedded-content&quot; data-secret=&quot;8UzamyQBkU&quot;&gt;&lt;a href=&quot;https:\/\/cadastrounico.setasquixeramobim.net.br\/index.php\/podcast\/episodio-1-novo-bolsa-familia-o-que-muda-com-a-volta-do-programa\/&quot;&gt;Epis\u00f3dio 1 &#8211; Novo Bolsa Fam\u00edlia, o que muda com a volta do programa?&lt;\/a&gt;&lt;\/blockquote&gt;&lt;iframe sandbox=&quot;allow-scripts&quot; security=&quot;restricted&quot; src=&quot;https:\/\/cadastrounico.setasquixeramobim.net.br\/index.php\/podcast\/episodio-1-novo-bolsa-familia-o-que-muda-com-a-volta-do-programa\/embed\/#?secret=8UzamyQBkU&quot; width=&quot;500&quot; height=&quot;350&quot; title=&quot;&#8220;Epis\u00f3dio 1 &#8211; Novo Bolsa Fam\u00edlia, o que muda com a volta do programa?&#8221; &#8212; Cadastro \u00danico de Quixeramobim&quot; data-secret=&quot;8UzamyQBkU&quot; frameborder=&quot;0&quot; marginwidth=&quot;0&quot; marginheight=&quot;0&quot; scrolling=&quot;no&quot; class=&quot;wp-embedded-content&quot;&gt;&lt;\/iframe&gt;&lt;script&gt;\n\/*! This file is auto-generated *\/\n!function(d,l){&quot;use strict&quot;;l.querySelector&amp;&amp;d.addEventListener&amp;&amp;&quot;undefined&quot;!=typeof URL&amp;&amp;(d.wp=d.wp||{},d.wp.receiveEmbedMessage||(d.wp.receiveEmbedMessage=function(e){var t=e.data;if((t||t.secret||t.message||t.value)&amp;&amp;!\/[^a-zA-Z0-9]\/.test(t.secret)){for(var s,r,n,a=l.querySelectorAll(&#039;iframe[data-secret=&quot;&#039;+t.secret+&#039;&quot;]&#039;),o=l.querySelectorAll(&#039;blockquote[data-secret=&quot;&#039;+t.secret+&#039;&quot;]&#039;),c=new RegExp(&quot;^https?:$&quot;,&quot;i&quot;),i=0;i&lt;o.length;i++)o[i].style.display=&quot;none&quot;;for(i=0;i&lt;a.length;i++)s=a[i],e.source===s.contentWindow&amp;&amp;(s.removeAttribute(&quot;style&quot;),&quot;height&quot;===t.message?(1e3&lt;(r=parseInt(t.value,10))?r=1e3:~~r&lt;200&amp;&amp;(r=200),s.height=r):&quot;link&quot;===t.message&amp;&amp;(r=new URL(s.getAttribute(&quot;src&quot;)),n=new URL(t.value),c.test(n.protocol))&amp;&amp;n.host===r.host&amp;&amp;l.activeElement===s&amp;&amp;(d.top.location.href=t.value))}},d.addEventListener(&quot;message&quot;,d.wp.receiveEmbedMessage,!1),l.addEventListener(&quot;DOMContentLoaded&quot;,function(){for(var e,t,s=l.querySelectorAll(&quot;iframe.wp-embedded-content&quot;),r=0;r&lt;s.length;r++)(t=(e=s[r]).getAttribute(&quot;data-secret&quot;))||(t=Math.random().toString(36).substring(2,12),e.src+=&quot;#?secret=&quot;+t,e.setAttribute(&quot;data-secret&quot;,t)),e.contentWindow.postMessage({message:&quot;ready&quot;,secret:t},&quot;*&quot;)},!1)))}(window,document);\n\/\/# sourceURL=https:\/\/cadastrounico.setasquixeramobim.net.br\/wp-includes\/js\/wp-embed.min.js\n&lt;\/script&gt;\n'\n\t\t\t\t\t\t\t\t   title=\"C\u00f3digo incorporado\"\n\t\t\t\t\t\t\t\t   class=\"input-embed input-embed-970\" readonly\/>\n\t\t\t\t\t\t<\/div>\n\t\t\t\t\t\t<button class=\"copy-embed copy-embed-970\" title=\"Copiar c\u00f3digo incorporado\" aria-label=\"Copiar c\u00f3digo incorporado\"><\/button>\n\t\t\t\t\t<\/div>\n\t\t\t\t<\/div>\n\t\t\t\t\t<\/div>\n\t\n\t\n\n\t<\/div>\n<div class=\"podcast_meta\"><aside><p><a href=\"https:\/\/cadastrounico.setasquixeramobim.net.br\/podcast-download\/970\/episodio-1-novo-bolsa-familia-o-que-muda-com-a-volta-do-programa?ref=download\" title=\"Epis\u00f3dio 1 &#8211; Novo Bolsa Fam\u00edlia, o que muda com a volta do programa? \" class=\"podcast-meta-download\">Baixar arquivo<\/a> | <a href=\"https:\/\/cadastrounico.setasquixeramobim.net.br\/podcast-download\/970\/episodio-1-novo-bolsa-familia-o-que-muda-com-a-volta-do-programa?ref=new_window\" target=\"_blank\" title=\"Epis\u00f3dio 1 &#8211; Novo Bolsa Fam\u00edlia, o que muda com a volta do programa? \" class=\"podcast-meta-new-window\">Reproduzir numa nova janela<\/a> | <span class=\"podcast-meta-duration\">Dura\u00e7\u00e3o: 30:12<\/span> | <span class=\"podcast-meta-date\">Gravado em 9 de mar\u00e7o de 2023<\/span><\/p><\/aside><\/div><\/p>\n\t\t\t\t\t\t\t\t\t\t\t\t\t\t\t\t\t\t\t<\/div>\n\t\t\t<\/article>\n\t\t\t\t\t\t\t<\/div>\n\t\t\t<\/div>\n","protected":false},"excerpt":{"rendered":"","protected":false},"author":1,"featured_media":0,"parent":0,"menu_order":0,"comment_status":"closed","ping_status":"closed","template":"","meta":{"_uag_custom_page_level_css":"","site-sidebar-layout":"default","site-content-layout":"","ast-site-content-layout":"default","site-content-style":"default","site-sidebar-style":"default","ast-global-header-display":"","ast-banner-title-visibility":"","ast-main-header-display":"","ast-hfb-above-header-display":"","ast-hfb-below-header-display":"","ast-hfb-mobile-header-display":"","site-post-title":"","ast-breadcrumbs-content":"","ast-featured-img":"","footer-sml-layout":"","ast-disable-related-posts":"","theme-transparent-header-meta":"","adv-header-id-meta":"","stick-header-meta":"","header-above-stick-meta":"","header-main-stick-meta":"","header-below-stick-meta":"","astra-migrate-meta-layouts":"default","ast-page-background-enabled":"default","ast-page-background-meta":{"desktop":{"background-color":"","background-image":"","background-repeat":"repeat","background-position":"center center","background-size":"auto","background-attachment":"scroll","background-type":"","background-media":"","overlay-type":"","overlay-color":"","overlay-opacity":"","overlay-gradient":""},"tablet":{"background-color":"","background-image":"","background-repeat":"repeat","background-position":"center center","background-size":"auto","background-attachment":"scroll","background-type":"","background-media":"","overlay-type":"","overlay-color":"","overlay-opacity":"","overlay-gradient":""},"mobile":{"background-color":"","background-image":"","background-repeat":"repeat","background-position":"center center","background-size":"auto","background-attachment":"scroll","background-type":"","background-media":"","overlay-type":"","overlay-color":"","overlay-opacity":"","overlay-gradient":""}},"ast-content-background-meta":{"desktop":{"background-color":"var(--ast-global-color-5)","background-image":"","background-repeat":"repeat","background-position":"center center","background-size":"auto","background-attachment":"scroll","background-type":"","background-media":"","overlay-type":"","overlay-color":"","overlay-opacity":"","overlay-gradient":""},"tablet":{"background-color":"var(--ast-global-color-5)","background-image":"","background-repeat":"repeat","background-position":"center center","background-size":"auto","background-attachment":"scroll","background-type":"","background-media":"","overlay-type":"","overlay-color":"","overlay-opacity":"","overlay-gradient":""},"mobile":{"background-color":"var(--ast-global-color-5)","background-image":"","background-repeat":"repeat","background-position":"center center","background-size":"auto","background-attachment":"scroll","background-type":"","background-media":"","overlay-type":"","overlay-color":"","overlay-opacity":"","overlay-gradient":""}},"episode_type":"","audio_file":"","podmotor_file_id":"","podmotor_episode_id":"","cover_image":"","cover_image_id":"","duration":"","filesize":"","filesize_raw":"","date_recorded":"","explicit":"","block":"","itunes_episode_number":"","itunes_title":"","itunes_season_number":"","itunes_episode_type":"","footnotes":""},"class_list":["post-708","page","type-page","status-publish","hentry"],"uagb_featured_image_src":{"full":false,"thumbnail":false,"medium":false,"medium_large":false,"large":false,"1536x1536":false,"2048x2048":false},"uagb_author_info":{"display_name":"sergiovasconcelos","author_link":"https:\/\/cadastrounico.setasquixeramobim.net.br\/index.php\/author\/sergiovasconcelos\/"},"uagb_comment_info":0,"uagb_excerpt":null,"jetpack_sharing_enabled":true,"jetpack_likes_enabled":true,"jetpack-related-posts":[{"id":473,"url":"https:\/\/cadastrounico.setasquixeramobim.net.br\/index.php\/politica-de-privacidade-2\/","url_meta":{"origin":708,"position":0},"title":"Pol\u00edtica de Privacidade","author":"sergiovasconcelos","date":"11 de maio de 2022","format":false,"excerpt":"A sua privacidade \u00e9 importante para n\u00f3s. \u00c9 pol\u00edtica do site Cadastro \u00danico de Quixeramobim respeitar a sua privacidade em rela\u00e7\u00e3o a qualquer informa\u00e7\u00e3o sua que possamos coletar no site Cadastro \u00danico de Quixeramobim, e outros sites que possu\u00edmos e operamos. Trabalhamos com base na Lei de Prote\u00e7\u00e3o de Dados\u2026","rel":"","context":"Post similar","block_context":{"text":"Post similar","link":""},"img":{"alt_text":"","src":"","width":0,"height":0},"classes":[]},{"id":23,"url":"https:\/\/cadastrounico.setasquixeramobim.net.br\/index.php\/galeria\/","url_meta":{"origin":708,"position":1},"title":"Galeria","author":"sergiovasconcelos","date":"8 de janeiro de 2020","format":false,"excerpt":"CRAS NA COMUNIDADE NA VILA DE ENCANTADO PALESTRA NO INSTITUTO LUZ E VIDA HOJE \u00c9 DIA DE CADASTRO! NO CRAS 3 REUNI\u00c3O NA ESCOLA DE URUQU\u00ca REUNI\u00c3O NA ESCOLA DAMI\u00c3O CARNEIRO EM CANAF\u00cdSTULA IV Caf\u00e9 com Parceiros Dia D na Lagoa Cercada, Manituba Reuni\u00e3o na Escola Manoel Martins de Almeida\u2026","rel":"","context":"Post similar","block_context":{"text":"Post similar","link":""},"img":{"alt_text":"","src":"https:\/\/i0.wp.com\/cadastrounico.setasquixeramobim.net.br\/wp-content\/uploads\/2026\/02\/WhatsApp-Image-2026-02-28-at-09.02.41.jpeg?resize=350%2C200","width":350,"height":200,"srcset":"https:\/\/i0.wp.com\/cadastrounico.setasquixeramobim.net.br\/wp-content\/uploads\/2026\/02\/WhatsApp-Image-2026-02-28-at-09.02.41.jpeg?resize=350%2C200 1x, https:\/\/i0.wp.com\/cadastrounico.setasquixeramobim.net.br\/wp-content\/uploads\/2026\/02\/WhatsApp-Image-2026-02-28-at-09.02.41.jpeg?resize=525%2C300 1.5x, https:\/\/i0.wp.com\/cadastrounico.setasquixeramobim.net.br\/wp-content\/uploads\/2026\/02\/WhatsApp-Image-2026-02-28-at-09.02.41.jpeg?resize=700%2C400 2x, https:\/\/i0.wp.com\/cadastrounico.setasquixeramobim.net.br\/wp-content\/uploads\/2026\/02\/WhatsApp-Image-2026-02-28-at-09.02.41.jpeg?resize=1050%2C600 3x"},"classes":[]}],"_links":{"self":[{"href":"https:\/\/cadastrounico.setasquixeramobim.net.br\/index.php\/wp-json\/wp\/v2\/pages\/708","targetHints":{"allow":["GET"]}}],"collection":[{"href":"https:\/\/cadastrounico.setasquixeramobim.net.br\/index.php\/wp-json\/wp\/v2\/pages"}],"about":[{"href":"https:\/\/cadastrounico.setasquixeramobim.net.br\/index.php\/wp-json\/wp\/v2\/types\/page"}],"author":[{"embeddable":true,"href":"https:\/\/cadastrounico.setasquixeramobim.net.br\/index.php\/wp-json\/wp\/v2\/users\/1"}],"replies":[{"embeddable":true,"href":"https:\/\/cadastrounico.setasquixeramobim.net.br\/index.php\/wp-json\/wp\/v2\/comments?post=708"}],"version-history":[{"count":6,"href":"https:\/\/cadastrounico.setasquixeramobim.net.br\/index.php\/wp-json\/wp\/v2\/pages\/708\/revisions"}],"predecessor-version":[{"id":797,"href":"https:\/\/cadastrounico.setasquixeramobim.net.br\/index.php\/wp-json\/wp\/v2\/pages\/708\/revisions\/797"}],"wp:attachment":[{"href":"https:\/\/cadastrounico.setasquixeramobim.net.br\/index.php\/wp-json\/wp\/v2\/media?parent=708"}],"curies":[{"name":"wp","href":"https:\/\/api.w.org\/{rel}","templated":true}]}}